{"id":357,"date":"2024-06-05T16:17:49","date_gmt":"2024-06-05T14:17:49","guid":{"rendered":"https:\/\/veroniquemoureau.be\/?post_type=product&#038;p=357"},"modified":"2024-07-17T10:46:25","modified_gmt":"2024-07-17T08:46:25","slug":"zero-myopie","status":"publish","type":"product","link":"https:\/\/veroniquemoureau.be\/index.php\/produit\/zero-myopie\/","title":{"rendered":"Z\u00e9ro myopie"},"content":{"rendered":"<p class=\"p1\">Un d\u00e9fi audacieux et savoureux pour les esprits curieux d\u2019eux-m\u00eames et de leurs dimensions insoup\u00e7onn\u00e9es. Une m\u00e9thode innovante au service des myopes et des myopes astigmates qui souhaitent retrouver une vision naturelle.<\/p>\n<p class=\"p3\">276 pages dont 6 planches color\u00e9es<\/p>\n","protected":false},"excerpt":{"rendered":"<p>Un d\u00e9fi audacieux et savoureux pour les esprits curieux d\u2019eux-m\u00eames et de leurs dimensions insoup\u00e7onn\u00e9es. Une m\u00e9thode innovante au service des myopes et des myopes astigmates qui souhaitent retrouver une vision naturelle.<\/p>\n","protected":false},"featured_media":1078,"comment_status":"open","ping_status":"closed","template":"","meta":{"_acf_changed":false},"product_cat":[21],"product_tag":[],"class_list":{"0":"post-357","1":"product","2":"type-product","3":"status-publish","4":"has-post-thumbnail","6":"product_cat-livre-papier","8":"first","9":"instock","10":"taxable","11":"shipping-taxable","12":"purchasable","13":"product-type-simple"},"acf":[],"_links":{"self":[{"href":"https:\/\/veroniquemoureau.be\/index.php\/wp-json\/wp\/v2\/product\/357","targetHints":{"allow":["GET"]}}],"collection":[{"href":"https:\/\/veroniquemoureau.be\/index.php\/wp-json\/wp\/v2\/product"}],"about":[{"href":"https:\/\/veroniquemoureau.be\/index.php\/wp-json\/wp\/v2\/types\/product"}],"replies":[{"embeddable":true,"href":"https:\/\/veroniquemoureau.be\/index.php\/wp-json\/wp\/v2\/comments?post=357"}],"wp:featuredmedia":[{"embeddable":true,"href":"https:\/\/veroniquemoureau.be\/index.php\/wp-json\/wp\/v2\/media\/1078"}],"wp:attachment":[{"href":"https:\/\/veroniquemoureau.be\/index.php\/wp-json\/wp\/v2\/media?parent=357"}],"wp:term":[{"taxonomy":"product_cat","embeddable":true,"href":"https:\/\/veroniquemoureau.be\/index.php\/wp-json\/wp\/v2\/product_cat?post=357"},{"taxonomy":"product_tag","embeddable":true,"href":"https:\/\/veroniquemoureau.be\/index.php\/wp-json\/wp\/v2\/product_tag?post=357"}],"curies":[{"name":"wp","href":"https:\/\/api.w.org\/{rel}","templated":true}]}}