{"id":355,"date":"2024-06-05T16:16:44","date_gmt":"2024-06-05T14:16:44","guid":{"rendered":"https:\/\/veroniquemoureau.be\/?post_type=product&#038;p=355"},"modified":"2024-07-17T10:46:53","modified_gmt":"2024-07-17T08:46:53","slug":"merlette-ne-porte-pas-de-lunettes","status":"publish","type":"product","link":"https:\/\/veroniquemoureau.be\/index.php\/produit\/merlette-ne-porte-pas-de-lunettes\/","title":{"rendered":"Merlette ne porte pas de lunettes"},"content":{"rendered":"<p class=\"p1\">Cet ouvrage de base aborde le fonctionnement \u00e9nerg\u00e9tique et quantique de la vision. Une ouverture vers les corps \u00e9nerg\u00e9tiques et les chakras, leurs relations avec les organes et les yeux. Une m\u00e9thode pour l\u2019am\u00e9lioration et la pr\u00e9servation de la vision de tous.<\/p>\n<p class=\"p3\">324 pages dont 6 planches color\u00e9es<\/p>\n","protected":false},"excerpt":{"rendered":"<p>Ouvrage de base dont l\u2019objectif est double: am\u00e9liorer et pr\u00e9server la vision, et apporter un \u00e9clairage sur des fonctionnements insoup\u00e7onn\u00e9s blottis dans la magie op\u00e9rantes de la Vie du corps de tous, porteurs de lunettes ou non.<\/p>\n","protected":false},"featured_media":1077,"comment_status":"open","ping_status":"closed","template":"","meta":{"_acf_changed":false},"product_cat":[21],"product_tag":[],"class_list":{"0":"post-355","1":"product","2":"type-product","3":"status-publish","4":"has-post-thumbnail","6":"product_cat-livre-papier","8":"first","9":"instock","10":"taxable","11":"shipping-taxable","12":"purchasable","13":"product-type-simple"},"acf":[],"_links":{"self":[{"href":"https:\/\/veroniquemoureau.be\/index.php\/wp-json\/wp\/v2\/product\/355","targetHints":{"allow":["GET"]}}],"collection":[{"href":"https:\/\/veroniquemoureau.be\/index.php\/wp-json\/wp\/v2\/product"}],"about":[{"href":"https:\/\/veroniquemoureau.be\/index.php\/wp-json\/wp\/v2\/types\/product"}],"replies":[{"embeddable":true,"href":"https:\/\/veroniquemoureau.be\/index.php\/wp-json\/wp\/v2\/comments?post=355"}],"wp:featuredmedia":[{"embeddable":true,"href":"https:\/\/veroniquemoureau.be\/index.php\/wp-json\/wp\/v2\/media\/1077"}],"wp:attachment":[{"href":"https:\/\/veroniquemoureau.be\/index.php\/wp-json\/wp\/v2\/media?parent=355"}],"wp:term":[{"taxonomy":"product_cat","embeddable":true,"href":"https:\/\/veroniquemoureau.be\/index.php\/wp-json\/wp\/v2\/product_cat?post=355"},{"taxonomy":"product_tag","embeddable":true,"href":"https:\/\/veroniquemoureau.be\/index.php\/wp-json\/wp\/v2\/product_tag?post=355"}],"curies":[{"name":"wp","href":"https:\/\/api.w.org\/{rel}","templated":true}]}}