{"id":1126,"date":"2024-07-29T12:15:49","date_gmt":"2024-07-29T10:15:49","guid":{"rendered":"https:\/\/veroniquemoureau.be\/?page_id=1126"},"modified":"2024-07-29T16:52:54","modified_gmt":"2024-07-29T14:52:54","slug":"mentions-legales","status":"publish","type":"page","link":"https:\/\/veroniquemoureau.be\/index.php\/mentions-legales\/","title":{"rendered":"Mentions l\u00e9gales"},"content":{"rendered":"\t\t<div data-elementor-type=\"wp-page\" data-elementor-id=\"1126\" class=\"elementor elementor-1126\" data-elementor-post-type=\"page\">\n\t\t\t\t<div class=\"elementor-element elementor-element-63e75a3 e-flex e-con-boxed e-con e-parent\" data-id=\"63e75a3\" data-element_type=\"container\">\n\t\t\t\t\t<div class=\"e-con-inner\">\n\t\t\t\t<div class=\"elementor-element elementor-element-9ffb88c elementor-tabs-view-horizontal elementor-widget elementor-widget-tabs\" data-id=\"9ffb88c\" data-element_type=\"widget\" data-widget_type=\"tabs.default\">\n\t\t\t\t<div class=\"elementor-widget-container\">\n\t\t\t<style>\/*! elementor - v3.21.0 - 08-05-2024 *\/\n.elementor-widget-tabs.elementor-tabs-view-vertical .elementor-tabs-wrapper{width:25%;flex-shrink:0}.elementor-widget-tabs.elementor-tabs-view-vertical .elementor-tab-desktop-title.elementor-active{border-inline-end-style:none}.elementor-widget-tabs.elementor-tabs-view-vertical .elementor-tab-desktop-title.elementor-active:after,.elementor-widget-tabs.elementor-tabs-view-vertical .elementor-tab-desktop-title.elementor-active:before{height:999em;width:0;right:0;border-inline-end-style:solid}.elementor-widget-tabs.elementor-tabs-view-vertical .elementor-tab-desktop-title.elementor-active:before{top:0;transform:translateY(-100%)}.elementor-widget-tabs.elementor-tabs-view-vertical .elementor-tab-desktop-title.elementor-active:after{top:100%}.elementor-widget-tabs.elementor-tabs-view-horizontal .elementor-tab-desktop-title{display:table-cell}.elementor-widget-tabs.elementor-tabs-view-horizontal .elementor-tab-desktop-title.elementor-active{border-bottom-style:none}.elementor-widget-tabs.elementor-tabs-view-horizontal .elementor-tab-desktop-title.elementor-active:after,.elementor-widget-tabs.elementor-tabs-view-horizontal .elementor-tab-desktop-title.elementor-active:before{bottom:0;height:0;width:999em;border-bottom-style:solid}.elementor-widget-tabs.elementor-tabs-view-horizontal .elementor-tab-desktop-title.elementor-active:before{right:100%}.elementor-widget-tabs.elementor-tabs-view-horizontal .elementor-tab-desktop-title.elementor-active:after{left:100%}.elementor-widget-tabs .elementor-tab-content,.elementor-widget-tabs .elementor-tab-title,.elementor-widget-tabs .elementor-tab-title:after,.elementor-widget-tabs .elementor-tab-title:before,.elementor-widget-tabs .elementor-tabs-content-wrapper{border:1px #d5d8dc}.elementor-widget-tabs .elementor-tabs{text-align:start}.elementor-widget-tabs .elementor-tabs-wrapper{overflow:hidden}.elementor-widget-tabs .elementor-tab-title{cursor:pointer;outline:var(--focus-outline,none)}.elementor-widget-tabs .elementor-tab-desktop-title{position:relative;padding:20px 25px;font-weight:700;line-height:1;border:solid transparent}.elementor-widget-tabs .elementor-tab-desktop-title.elementor-active{border-color:#d5d8dc}.elementor-widget-tabs .elementor-tab-desktop-title.elementor-active:after,.elementor-widget-tabs .elementor-tab-desktop-title.elementor-active:before{display:block;content:\"\";position:absolute}.elementor-widget-tabs .elementor-tab-desktop-title:focus-visible{border:1px solid #000}.elementor-widget-tabs .elementor-tab-mobile-title{padding:10px;cursor:pointer}.elementor-widget-tabs .elementor-tab-content{padding:20px;display:none}@media (max-width:767px){.elementor-tabs .elementor-tab-content,.elementor-tabs .elementor-tab-title{border-style:solid solid none}.elementor-tabs .elementor-tabs-wrapper{display:none}.elementor-tabs .elementor-tabs-content-wrapper{border-bottom-style:solid}.elementor-tabs .elementor-tab-content{padding:10px}}@media (min-width:768px){.elementor-widget-tabs.elementor-tabs-view-vertical .elementor-tabs{display:flex}.elementor-widget-tabs.elementor-tabs-view-vertical .elementor-tabs-wrapper{flex-direction:column}.elementor-widget-tabs.elementor-tabs-view-vertical .elementor-tabs-content-wrapper{flex-grow:1;border-style:solid solid solid none}.elementor-widget-tabs.elementor-tabs-view-horizontal .elementor-tab-content{border-style:none solid solid}.elementor-widget-tabs.elementor-tabs-alignment-center .elementor-tabs-wrapper,.elementor-widget-tabs.elementor-tabs-alignment-end .elementor-tabs-wrapper,.elementor-widget-tabs.elementor-tabs-alignment-stretch .elementor-tabs-wrapper{display:flex}.elementor-widget-tabs.elementor-tabs-alignment-center .elementor-tabs-wrapper{justify-content:center}.elementor-widget-tabs.elementor-tabs-alignment-end .elementor-tabs-wrapper{justify-content:flex-end}.elementor-widget-tabs.elementor-tabs-alignment-stretch.elementor-tabs-view-horizontal .elementor-tab-title{width:100%}.elementor-widget-tabs.elementor-tabs-alignment-stretch.elementor-tabs-view-vertical .elementor-tab-title{height:100%}.elementor-tabs .elementor-tab-mobile-title{display:none}}<\/style>\t\t<div class=\"elementor-tabs\">\n\t\t\t<div class=\"elementor-tabs-wrapper\" role=\"tablist\" >\n\t\t\t\t\t\t\t\t\t<div id=\"elementor-tab-title-1671\" class=\"elementor-tab-title elementor-tab-desktop-title\" aria-selected=\"true\" data-tab=\"1\" role=\"tab\" tabindex=\"0\" aria-controls=\"elementor-tab-content-1671\" aria-expanded=\"false\">Mentions l\u00e9gales<\/div>\n\t\t\t\t\t\t\t\t\t<div id=\"elementor-tab-title-1672\" class=\"elementor-tab-title elementor-tab-desktop-title\" aria-selected=\"false\" data-tab=\"2\" role=\"tab\" tabindex=\"-1\" aria-controls=\"elementor-tab-content-1672\" aria-expanded=\"false\">Politiques de confidentialit\u00e9<\/div>\n\t\t\t\t\t\t\t<\/div>\n\t\t\t<div class=\"elementor-tabs-content-wrapper\" role=\"tablist\" aria-orientation=\"vertical\">\n\t\t\t\t\t\t\t\t\t<div class=\"elementor-tab-title elementor-tab-mobile-title\" aria-selected=\"true\" data-tab=\"1\" role=\"tab\" tabindex=\"0\" aria-controls=\"elementor-tab-content-1671\" aria-expanded=\"false\">Mentions l\u00e9gales<\/div>\n\t\t\t\t\t<div id=\"elementor-tab-content-1671\" class=\"elementor-tab-content elementor-clearfix\" data-tab=\"1\" role=\"tabpanel\" aria-labelledby=\"elementor-tab-title-1671\" tabindex=\"0\" hidden=\"false\"><p><strong>V\u00e9ronique Moureau<\/strong><br \/><strong>Les Ateliers du Miroir de l\u2019\u00c2me<\/strong><br \/><strong>1, rue de la Libert\u00e9 4140 Sprimont<\/strong><br \/><strong>TVA : BE0811 973 142<br \/>Num\u00e9ro d&rsquo;entreprise : 0811 973 142<br \/><\/strong><\/p><\/div>\n\t\t\t\t\t\t\t\t\t<div class=\"elementor-tab-title elementor-tab-mobile-title\" aria-selected=\"false\" data-tab=\"2\" role=\"tab\" tabindex=\"-1\" aria-controls=\"elementor-tab-content-1672\" aria-expanded=\"false\">Politiques de confidentialit\u00e9<\/div>\n\t\t\t\t\t<div id=\"elementor-tab-content-1672\" class=\"elementor-tab-content elementor-clearfix\" data-tab=\"2\" role=\"tabpanel\" aria-labelledby=\"elementor-tab-title-1672\" tabindex=\"0\" hidden=\"hidden\"><p class=\"p1\"><b>VIE PRIV\u00c9E &#8211; POLITIQUE DE CONFIDENTIALIT\u00c9<\/b><\/p><p class=\"p3\"><b>1. INFORMATIONS PERSONNELLES RECUEILLIES<span class=\"Apple-converted-space\">\u00a0<\/span><\/b><\/p><p class=\"p4\">Dans la mesure n\u00e9cessaire \u00e0 la gestion du Site et pour des raisons techniques, nous recueillons certaines Informations \u00e0 caract\u00e8re personnel. Si vous choisissez de nous fournir vos Informations personnelles, nous traitons vos donn\u00e9es de mani\u00e8re confidentielle conform\u00e9ment aux dispositions l\u00e9gales.<\/p><p class=\"p4\">En nous fournissant vos donn\u00e9es \u00e0 caract\u00e8re personnel, vous nous donnez l\u2019autorisation expresse de traiter cette Information pour les finalit\u00e9s ci-dessous.<\/p><p class=\"p4\">Ces donn\u00e9es seront utilis\u00e9es pour les seules finalit\u00e9s susvis\u00e9es.<\/p><p class=\"p4\">Vos donn\u00e9es ne seront transmises \u00e0 aucun tiers autre que pr\u00e9cis\u00e9 ci-dessous et pour les finalit\u00e9s \u00e9nonc\u00e9es ci-dessous<\/p><p class=\"p4\">Plus pr\u00e9cis\u00e9ment, lorsque vous vous rendez sur le Site, nous recueillons automatiquement certaines Informations concernant votre appareil, notamment des Informations sur votre navigateur web, votre adresse IP, votre fuseau horaire et certains des cookies qui sont install\u00e9s sur votre appareil. En outre, lorsque vous parcourez le Site, nous recueillons des Informations sur les pages web ou produits individuels que vous consultez, les Sites web ou les termes de recherche qui vous ont permis d&rsquo;arriver sur le Site, ainsi que des Informations sur la mani\u00e8re dont vous interagissez avec le Site.<span class=\"Apple-converted-space\">\u00a0<\/span><\/p><p class=\"p4\">Nous recueillons les Informations sur l&rsquo;appareil \u00e0 l&rsquo;aide de fichiers t\u00e9moins (cookies).<\/p><p class=\"p4\">Un cookie est un fichier stock\u00e9 sur le disque dur d\u2019un utilisateur lorsqu\u2019il navigue sur un Site web. Ce cookie permet de mieux connaitre les donn\u00e9es relatives aux habitudes de navigation de l\u2019utilisateur afin de lui proposer une meilleur exp\u00e9rience d\u2019utilisation.<\/p><p class=\"p4\">Voici la liste de fichiers t\u00e9moins que nous utilisons. Nous les avons \u00e9num\u00e9r\u00e9s ici pour que vous ayez la possibilit\u00e9 de choisir si vous souhaitez les autoriser ou non:<span class=\"Apple-converted-space\">\u00a0<\/span><\/p><ul class=\"ul1\"><li class=\"li4\">_session_id, identificateur unique de session, permet \u00e0 de stocker les Informations relatives \u00e0 votre session (r\u00e9f\u00e9rent, page de renvoi, etc.).<\/li><li class=\"li4\">_LOG_uniq, aucune donn\u00e9e retenue, expire \u00e0 minuit (selon l\u2019emplacement du visiteur) le jour suivant. Calcule le nombre de visites par client unique<span class=\"s2\"><b>.<span class=\"Apple-converted-space\">\u00a0 \u00a0<\/span><\/b><\/span><\/li><li class=\"li4\"><span class=\"s2\">_cart,<\/span> identificateur unique, persiste pendant 2 semaines, stocke l\u2019Information relative \u00e0 votre panier d\u2019achat.<span class=\"Apple-converted-space\">\u00a0<\/span><\/li><li class=\"li4\">_secure_session_id, identificateur unique de session<\/li><li class=\"li4\">storefront_digest, identificateur unique, ind\u00e9fini si la boutique poss\u00e8de un mot de passe, il est utilis\u00e9 pour savoir si le visiteur actuel a acc\u00e8s.<span class=\"Apple-converted-space\">\u00a0<\/span><\/li><\/ul><p class=\"p4\">Les \u00ab fichiers journaux \u00bb suivent l&rsquo;activit\u00e9 du Site et recueillent des donn\u00e9es telles que votre adresse IP, le type de navigateur que vous utilisez, votre fournisseur d&rsquo;acc\u00e8s Internet, vos pages r\u00e9f\u00e9rentes et de sortie, et vos donn\u00e9es d&rsquo;horodatage (date et heure).<\/p><p class=\"p4\">Les \u00ab pixels invisibles \u00bb, les \u00ab balises \u00bb et les \u00ab pixels \u00bb sont des fichiers \u00e9lectroniques qui enregistrent des Informations sur la fa\u00e7on dont vous parcourez le Site.<span class=\"Apple-converted-space\">\u00a0<\/span><\/p><p class=\"p4\">Par ailleurs, lorsque vous effectuez ou tentez d&rsquo;effectuer un achat par le biais du Site, nous recueillons certaines Informations vous concernant, notamment votre nom, votre adresse de facturation, votre adresse d&rsquo;exp\u00e9dition, vos Informations de paiement, votre adresse e-mail et votre num\u00e9ro de t\u00e9l\u00e9phone..<span class=\"Apple-converted-space\">\u00a0<\/span><\/p><p class=\"p4\">Lorsque nous utilisons l&rsquo;expression \u00ab Informations personnelles \u00bb dans la pr\u00e9sente Politique de confidentialit\u00e9, nous faisons allusion \u00e0 la fois aux Informations sur l&rsquo;appareil et aux Informations sur la commande.<span class=\"Apple-converted-space\">\u00a0<\/span><\/p><p class=\"p5\"><b>2. UTILISATION DE VOS DONN\u00c9ES PERSONNELLES<\/b><\/p><p class=\"p4\">Nous utilisons les Informations sur la commande que nous recueillons pour traiter toute commande pass\u00e9e par le biais du Site (y compris pour traiter vos Informations de paiement, organiser l&rsquo;exp\u00e9dition de votre commande et vous fournir des factures et\/ou des confirmations de commande). En outre, nous utilisons ces Informations sur la commande pour : communiquer avec vous ; \u00e9valuer les fraudes ou risques potentiels ; et lorsque cela correspond aux pr\u00e9f\u00e9rences que vous nous avez communiqu\u00e9es, vous fournir des Informations ou des publicit\u00e9s concernant nos produits ou services.<span class=\"Apple-converted-space\">\u00a0<\/span><\/p><p class=\"p4\">Nous utilisons les Informations sur l&rsquo;appareil (en particulier votre adresse IP) que nous recueillons pour \u00e9valuer les fraudes ou risques potentiels et, de mani\u00e8re plus g\u00e9n\u00e9rale, pour am\u00e9liorer et optimiser notre Site (par exemple, en g\u00e9n\u00e9rant des analyses sur la fa\u00e7on dont nos clients parcourent et interagissent avec le Site).<span class=\"Apple-converted-space\">\u00a0<\/span><\/p><p class=\"p4\">Aux seules fins d\u00e9crites pr\u00e9c\u00e9demment, nous partageons vos donn\u00e9es personnelles avec des tiers. Ainsi nous utilisons:<\/p><ul class=\"ul1\"><li class=\"li4\"><a href=\"https:\/\/wordpress.org\/about\/\">WordPress<\/a><span class=\"s2\"><b><br \/><\/b><\/span><\/li><li class=\"li4\"><a href=\"https:\/\/www.ovhcloud.com\/fr\/about-us\/\">OVH<\/a><\/li><li class=\"li6\"><a href=\"https:\/\/cleantalk.org\/about\">CleanTalk<\/a><br \/><br \/><\/li><\/ul><p class=\"p5\"><b>3.<span class=\"Apple-converted-space\">\u00a0 <\/span>PARTAGE DE VOS INFORMATIONS PERSONNELLES<\/b><\/p><p class=\"p4\">Si vous \u00eates r\u00e9sident(e) europ\u00e9en(ne), vous disposez d&rsquo;un droit d&rsquo;acc\u00e8s aux Informations personnelles que nous d\u00e9tenons \u00e0 votre sujet et vous pouvez demander \u00e0 ce qu&rsquo;elles soient corrig\u00e9es, mises \u00e0 jour ou supprim\u00e9es. Si vous souhaitez exercer ce droit, veuillez nous contacter au moyen des coordonn\u00e9es pr\u00e9cis\u00e9es ci-dessous.<span class=\"Apple-converted-space\">\u00a0<\/span><\/p><p class=\"p4\">Par ailleurs, si vous \u00eates r\u00e9sident(e) europ\u00e9en(ne), notez que nous traitons vos Informations dans le but de remplir nos obligations contractuelles \u00e0 votre \u00e9gard (par exemple si vous passez une commande sur le Site &#8211; d\u00e9claration des ventes, litiges \u00e9ventuels, etc.) ou de poursuivre nos int\u00e9r\u00eats commerciaux l\u00e9gitimes.<\/p><p class=\"p5\"><b>4.<span class=\"Apple-converted-space\">\u00a0 <\/span>DROITS DE L\u2019UTILISATEUR<\/b><\/p><p class=\"p7\">Conform\u00e9ment au chapitre 3, art 12-23 du RGPD, et en tant qu\u2019utilisateurs du Site, si vous \u00eates r\u00e9sident(e) europ\u00e9en(ne), vous disposez d&rsquo;un droit d&rsquo;acc\u00e8s aux Informations personnelles que nous d\u00e9tenons \u00e0 votre sujet et vous pouvez demander \u00e0 ce qu&rsquo;elles soient corrig\u00e9es, mises \u00e0 jour ou supprim\u00e9es. Si vous souhaitez exercer ce droit, veuillez nous contacter au moyen des coordonn\u00e9es pr\u00e9cis\u00e9es <span class=\"s5\">en page \u00ab\u00a0Contact\u00a0\u00bb.<br \/><\/span><\/p><p class=\"p9\"><b>5.<span class=\"Apple-converted-space\">\u00a0 <\/span>CONSERVATION DES DONN\u00c9ES<\/b><\/p><p class=\"p11\">Lorsque vous passez une commande par l&rsquo;interm\u00e9diaire du Site, nous conservons les Informations sur votre commande dans nos dossiers, pendant 5 ans, sauf si vous nous demandez de les supprimer.<\/p><\/div>\n\t\t\t\t\t\t\t<\/div>\n\t\t<\/div>\n\t\t\t\t<\/div>\n\t\t\t\t<\/div>\n\t\t\t\t\t<\/div>\n\t\t\t\t<\/div>\n\t\t\t\t<\/div>\n\t\t","protected":false},"excerpt":{"rendered":"<p>Mentions l\u00e9gales Politiques de confidentialit\u00e9 Mentions l\u00e9gales V\u00e9ronique MoureauLes Ateliers du Miroir de l\u2019\u00c2me1, rue de la Libert\u00e9 4140 SprimontTVA : BE0811 973 142Num\u00e9ro d&rsquo;entreprise : 0811 973 142 Politiques de confidentialit\u00e9 VIE PRIV\u00c9E &#8211; POLITIQUE DE CONFIDENTIALIT\u00c9 1. INFORMATIONS PERSONNELLES RECUEILLIES\u00a0 Dans la mesure n\u00e9cessaire \u00e0 la gestion du Site et pour des raisons [&hellip;]<\/p>\n","protected":false},"author":1,"featured_media":0,"parent":0,"menu_order":0,"comment_status":"closed","ping_status":"closed","template":"elementor_header_footer","meta":{"_acf_changed":false,"footnotes":""},"class_list":["post-1126","page","type-page","status-publish","hentry"],"acf":[],"_links":{"self":[{"href":"https:\/\/veroniquemoureau.be\/index.php\/wp-json\/wp\/v2\/pages\/1126","targetHints":{"allow":["GET"]}}],"collection":[{"href":"https:\/\/veroniquemoureau.be\/index.php\/wp-json\/wp\/v2\/pages"}],"about":[{"href":"https:\/\/veroniquemoureau.be\/index.php\/wp-json\/wp\/v2\/types\/page"}],"author":[{"embeddable":true,"href":"https:\/\/veroniquemoureau.be\/index.php\/wp-json\/wp\/v2\/users\/1"}],"replies":[{"embeddable":true,"href":"https:\/\/veroniquemoureau.be\/index.php\/wp-json\/wp\/v2\/comments?post=1126"}],"version-history":[{"count":10,"href":"https:\/\/veroniquemoureau.be\/index.php\/wp-json\/wp\/v2\/pages\/1126\/revisions"}],"predecessor-version":[{"id":1258,"href":"https:\/\/veroniquemoureau.be\/index.php\/wp-json\/wp\/v2\/pages\/1126\/revisions\/1258"}],"wp:attachment":[{"href":"https:\/\/veroniquemoureau.be\/index.php\/wp-json\/wp\/v2\/media?parent=1126"}],"curies":[{"name":"wp","href":"https:\/\/api.w.org\/{rel}","templated":true}]}}